{"id":50,"date":"2015-06-21T18:53:34","date_gmt":"2015-06-21T18:53:34","guid":{"rendered":"http:\/\/demo.themephe.com\/silvia\/?page_id=50"},"modified":"2025-12-06T22:04:37","modified_gmt":"2025-12-06T22:04:37","slug":"about-me","status":"publish","type":"page","link":"https:\/\/www.tatjana-schmidt.de\/index.php\/about-me\/","title":{"rendered":"\u00dcber mich"},"content":{"rendered":"<p><img loading=\"lazy\" decoding=\"async\" class=\"size-medium wp-image-181 alignright\" src=\"http:\/\/www.kunst-punkt.com\/wp-content\/uploads\/2017\/12\/WhatsApp-Image-2017-11-14-at-20.35.11-2-300x300.jpeg\" alt=\"\" width=\"300\" height=\"300\" srcset=\"https:\/\/www.tatjana-schmidt.de\/wp-content\/uploads\/2017\/12\/WhatsApp-Image-2017-11-14-at-20.35.11-2-300x300.jpeg 300w, https:\/\/www.tatjana-schmidt.de\/wp-content\/uploads\/2017\/12\/WhatsApp-Image-2017-11-14-at-20.35.11-2-150x150.jpeg 150w, https:\/\/www.tatjana-schmidt.de\/wp-content\/uploads\/2017\/12\/WhatsApp-Image-2017-11-14-at-20.35.11-2.jpeg 542w\" sizes=\"auto, (max-width: 300px) 100vw, 300px\" \/>Mein Name ist Tatjana Schmidt. Alles, was ich mache, bringt mir besondere Erf\u00fcllung. Mein Ziel ist es Menschen ein bisschen Gl\u00fcck und Freude zu bringen \u2013 mit meinen Werken und durch gemeinsame Workshops und Aktivit\u00e4ten. \u00a0Ich verstehe mich als K\u00fcnstlerin, Kunst-Coach und Lebensberaterin.<\/p>\n<p>Meine Bilder schaffen Welten \u2013 Welten aus Phantasie und Tr\u00e4umen. Ob mit lustigen V\u00f6geln, Delfinen oder Engeln \u2013 meine Bilder transportieren die Sch\u00f6nheiten der Natur und des Lebens. In Kursen und Workshops gebe ich die Freude an k\u00fcnstlerischen Bet\u00e4tigungen auch gerne weiter. Entdecken auch Sie ihr kreatives Potential und lernen Sie, wieviel Freude es bereitet mit Farben, Materialien und Phantasie zu arbeiten.<\/p>\n<p>Zudem besch\u00e4ftige ich mich intensiv mit Neurographik. Neurographik ist ein k\u00fcnstlerischer Ansatz, um uns und die Welt um uns herum zu verwandeln. Diese spezielle grafische Darstellung hilft uns, durch Aktivierung von Verbindungen zwischen Gehirnzellen (Neuronen), unser Bewusstsein mit dem Unterbewusstsein zu verbinden. Kurz gesagt, mit Neurographik zeichnen wir, f\u00fcr uns wichtige \u00a0Inhalte und Bedeutungen und geben diesen Inhalten Energie und Motivation, sie f\u00fcr uns positiv zu ver\u00e4ndern.<\/p>\n<p>Probieren Sie es doch einfach einmal aus: nehmen Sie Teil an einer kreativen und befriedigenden Besch\u00e4ftigung, die viele positive Effekte auf Ihr Wohlbefinden und Ihre Entschlusskraft haben wird. H\u00e4ufig ist diese Methode der Schl\u00fcssel zu ersten Schritten und wichtigen Entscheidungen hin zu Ver\u00e4nderungen zum Positiven. Egal ob Sie derzeit pers\u00f6nliche, berufliche oder zwischenmenschliche Probleme blockieren \u2013 Neurographik kann Ihnen helfen Struktur in das Chaos zu bringen und damit den Weg frei zu r\u00e4umen, um in Zukunft ein zufriedenes und gl\u00fcckliches Leben zu leben.<\/p>\n<p>Egal, ob Sie die Freude am kreativem Arbeiten entdecken m\u00f6chten, gemeinsam mit ihren Kindern oder Freunden Spa\u00df an der Arbeit mit Farbe und Materialien entwickeln wollen oder mit Hilfe der Neurographik-Techniken Energie und Kraft f\u00fcr die Bew\u00e4ltigung schwieriger Lebenssituationen suchen \u2013 ich helfe Ihnen diese Ziele zu erreichen.<\/p>\n<p>\u00dcbrigens: In meiner Galerie k\u00f6nnen Sie einige meiner Arbeiten entdecken, welche auch k\u00e4uflich erworben werden k\u00f6nnen. Zudem finden Sie auf dieser Webseite einen Planen mit Terminen von Ausstellungen, Kursen und Workshops.<\/p>\n<p>\u201eKunst h\u00f6rt man nicht, Kunst sieht man nicht, Kunst f\u00fchlt man!\u201c<\/p>\n<div class=\"text_exposed_show\"><\/div>\n<p><strong>Ausstellungen<\/strong><\/p>\n<table style=\"height: 965px;\" width=\"674\" cellspacing=\"10\">\n<tbody>\n<tr>\n<td><strong>23.02.13 \u2013 27.04.13<\/strong><\/td>\n<td>Gemeinschaftsausstellung \u201e<strong><a href=\"http:\/\/www.kunst-und-galeriehaus.de\/veranstaltungen\/archiv\/2013-02.html\" target=\"_blank\" rel=\"noopener\">ANIMALIA<\/a><\/strong>\u201c\u00a0im Kunst- und Galeriehaus, Bochum<\/td>\n<\/tr>\n<tr>\n<td><strong>09.11.13 \u2013 07.12.13<\/strong><\/td>\n<td>Gemeinschaftsausstellung \u201e<strong><a href=\"http:\/\/www.kunst-und-galeriehaus.de\/veranstaltungen\/archiv\/2013-11.html\" target=\"_blank\" rel=\"noopener\">STILLLEBEN<\/a><\/strong>\u201c\u00a0im Kunst- und Galeriehaus, Bochum<\/td>\n<\/tr>\n<tr>\n<td><strong>12.02.14 \u2013 15.02.14<\/strong><\/td>\n<td>Ausstellung einiger Werke im\u00a0<strong><a href=\"http:\/\/www.essen.de\/kultur_und_bildung\/institutionen_1\/kulturbuero_1\/kulturfenster_1\/kulturfenster_12_02__15_02_2013.de.html\" target=\"_blank\" rel=\"noopener\">Kulturfenster Essen<\/a><\/strong>.<\/td>\n<\/tr>\n<tr>\n<td><strong>04.10.14 \u2013 08.11.14<\/strong><\/td>\n<td>Gemeinschaftsausstellung \u201e<strong><a href=\"http:\/\/www.kunst-und-galeriehaus.de\/veranstaltungen\/archiv\/2014-10.html\" target=\"_blank\" rel=\"noopener\">Gru\u00df aus der K\u00fcche<\/a><\/strong>\u201c\u00a0im Kunst- und Galeriehaus, Bochum<\/td>\n<\/tr>\n<tr>\n<td><strong>24.01.15 \u2013 28.02.15<\/strong><\/td>\n<td>Gemeinschaftsausstellung \u201e<strong><a href=\"http:\/\/www.kunst-und-galeriehaus.de\/veranstaltungen\/archiv\/2015-01.html\" target=\"_blank\" rel=\"noopener\">LieblingsSt\u00fccke<\/a><\/strong>\u201c\u00a0im Kunst- und Galeriehaus, Bochum<\/td>\n<\/tr>\n<tr>\n<td><strong>21.03.15 \u2013 24.05.15<\/strong><\/td>\n<td>Gemeinschaftsausstellung \u201e<strong><a href=\"http:\/\/www.kunst-und-galeriehaus.de\/veranstaltungen\/archiv.html\" target=\"_blank\" rel=\"noopener\">Animalia 2<\/a><\/strong>\u201c\u00a0im Kunst- und Galeriehaus, Bochum<\/td>\n<\/tr>\n<tr>\n<td><strong>26.09.16 \u2013 31.10.16<\/strong><\/td>\n<td>Gemeinschaftsausstellung \u201e<strong><a href=\"https:\/\/www.come-on.de\/lennetal\/neuenrade\/vernissage-vielfalt-lieblingsstuecke-meisterschueler-ihre-werke-6786487.html\" target=\"_blank\" rel=\"noopener\">LieblingsSt\u00fccke<\/a><\/strong>\u201c, Stadtgalerie Neuenrade<\/td>\n<\/tr>\n<tr>\n<td><strong>01.12.16 \u2013 24.12.16<\/strong><\/td>\n<td>Ausstellung in den R\u00e4umen der Fa. <strong><a href=\"http:\/\/www.hoersysteme-wessling.de\/\">H\u00f6rsysteme Wessling GmbH<\/a><\/strong> , Essen-R\u00fcttenscheid<\/td>\n<\/tr>\n<tr>\n<td><strong>19.11.16 \u2013 19.02.17<\/strong><\/td>\n<td>Gemeinschaftsausstellung \u201e<strong><a href=\"http:\/\/www.kunst-und-galeriehaus.de\/veranstaltungen\/archiv.html\" target=\"_blank\" rel=\"noopener\">Animalia 3<\/a><\/strong>\u201c\u00a0im Kunst- und Galeriehaus, Bochum<\/td>\n<\/tr>\n<tr>\n<td><strong>laufend<\/strong><\/td>\n<td>Wechselnde Ausstellung verschiedener Werke im <strong><a href=\"http:\/\/www.unperfekthaus.de\/\">Unperfekthaus Essen<\/a><\/strong>Malschule Kunst-Punkt Hauptstr.122 45219 Essen Kettwig<\/td>\n<\/tr>\n<\/tbody>\n<\/table>\n","protected":false},"excerpt":{"rendered":"<p>Mein Name ist Tatjana Schmidt. Alles, was ich mache, bringt mir besondere Erf\u00fcllung. Mein Ziel ist es Menschen ein bisschen Gl\u00fcck und Freude zu bringen \u2013 mit meinen Werken und durch gemeinsame Workshops und Aktivit\u00e4ten. \u00a0Ich verstehe mich als K\u00fcnstlerin, Kunst-Coach und Lebensberaterin. Meine Bilder schaffen Welten \u2013 Welten aus Phantasie und Tr\u00e4umen. Ob mit&hellip;<\/p>\n","protected":false},"author":1,"featured_media":0,"parent":0,"menu_order":0,"comment_status":"closed","ping_status":"closed","template":"","meta":{"jetpack_post_was_ever_published":false,"footnotes":""},"class_list":["post-50","page","type-page","status-publish","hentry","no-post-thumbnail","post-grid-2-col","entry"],"jetpack_sharing_enabled":true,"jetpack_shortlink":"https:\/\/wp.me\/P9vJe8-O","_links":{"self":[{"href":"https:\/\/www.tatjana-schmidt.de\/index.php\/wp-json\/wp\/v2\/pages\/50","targetHints":{"allow":["GET"]}}],"collection":[{"href":"https:\/\/www.tatjana-schmidt.de\/index.php\/wp-json\/wp\/v2\/pages"}],"about":[{"href":"https:\/\/www.tatjana-schmidt.de\/index.php\/wp-json\/wp\/v2\/types\/page"}],"author":[{"embeddable":true,"href":"https:\/\/www.tatjana-schmidt.de\/index.php\/wp-json\/wp\/v2\/users\/1"}],"replies":[{"embeddable":true,"href":"https:\/\/www.tatjana-schmidt.de\/index.php\/wp-json\/wp\/v2\/comments?post=50"}],"version-history":[{"count":16,"href":"https:\/\/www.tatjana-schmidt.de\/index.php\/wp-json\/wp\/v2\/pages\/50\/revisions"}],"predecessor-version":[{"id":3552,"href":"https:\/\/www.tatjana-schmidt.de\/index.php\/wp-json\/wp\/v2\/pages\/50\/revisions\/3552"}],"wp:attachment":[{"href":"https:\/\/www.tatjana-schmidt.de\/index.php\/wp-json\/wp\/v2\/media?parent=50"}],"curies":[{"name":"wp","href":"https:\/\/api.w.org\/{rel}","templated":true}]}}